{"id":1775,"date":"2025-09-03T14:48:11","date_gmt":"2025-09-03T14:48:11","guid":{"rendered":"https:\/\/keller-precision.ch\/?page_id=1775"},"modified":"2025-09-30T12:31:39","modified_gmt":"2025-09-30T12:31:39","slug":"agb","status":"publish","type":"page","link":"https:\/\/keller-precision.ch\/de\/agb\/","title":{"rendered":"Allgemeine Gesch\u00e4ftsbedingungen"},"content":{"rendered":"\t\t<div data-elementor-type=\"wp-page\" data-elementor-id=\"1775\" class=\"elementor elementor-1775\" data-elementor-post-type=\"page\">\n\t\t\t\t<div class=\"elementor-element elementor-element-d3ad2d0 e-flex e-con-boxed e-con e-parent\" data-id=\"d3ad2d0\" data-element_type=\"container\">\n\t\t\t\t\t<div class=\"e-con-inner\">\n\t\t\t\t<div class=\"elementor-element elementor-element-3bfca94 elementor-widget elementor-widget-dcwi-hero\" data-id=\"3bfca94\" data-element_type=\"widget\" data-widget_type=\"dcwi-hero.default\">\n\t\t\t\t<div class=\"elementor-widget-container\">\n\t\t\t\t\t\n\t<section class=\"hero hero--small\">\n\t\t<div class=\"wrapper\">\n            <div class=\"hero__inner\">\n                <div class=\"hero__text-block\">\n                    <h1 class=\"h1 hero__title\">Allgemeine Gesch\u00e4ftsbedingungen<\/h1>\n                    <h2 class=\"h2 hero__subtitle\"><\/h2>\n                    <div class=\"hero-logo\">\n                        <svg width=\"32\" height=\"48\" viewBox=\"0 0 32 48\" fill=\"none\" xmlns=\"http:\/\/www.w3.org\/2000\/svg\">\n<path d=\"M15.3962 48H31.6981L14.4906 18.1132L25.3585 0H9.96226L0 18.1132L15.3962 48Z\" fill=\"#FFD20A\"\/>\n<\/svg>\n                    <\/div>\n                <\/div>\n\t\t\t\t<div class=\"hero__content\">\n\t\t\t\t<p class=\"hero__text text-regular\">Die Grundlagen f\u00fcr unsere Gesch\u00e4ftsbeziehungen mit Lieferanten und Kunden werden in unseren Einkaufs- und Lieferbedingungen sowie den Verkaufs- und Lieferbedingungen abgehandelt. Die beiden Dokumente bilden in ihrer Gesamtheit unsere allgemeinen Gesch\u00e4ftsbedingungen. Die Dateien stehen Ihnen auf dieser Seite zum Download zur Verf\u00fcgung.<\/p>\n\t\t\t\t\t\t\t\t<\/div>\n            <\/div>\n\t\t<\/div>\n\t<\/section>\n\n\t\t\t\t<\/div>\n\t\t\t\t<\/div>\n\t\t\t\t\t<\/div>\n\t\t\t\t<\/div>\n\t\t<div class=\"elementor-element elementor-element-c802137 e-con-full e-flex e-con e-parent\" data-id=\"c802137\" data-element_type=\"container\">\n\t\t<div class=\"elementor-element elementor-element-b754dce e-flex e-con-boxed e-con e-child\" data-id=\"b754dce\" data-element_type=\"container\">\n\t\t\t\t\t<div class=\"e-con-inner\">\n\t\t\t\t<div class=\"elementor-element elementor-element-b3af279 elementor-widget elementor-widget-dcwi-features-grid\" data-id=\"b3af279\" data-element_type=\"widget\" data-widget_type=\"dcwi-features-grid.default\">\n\t\t\t\t<div class=\"elementor-widget-container\">\n\t\t\t\t\t<section class=\"features-grid features-grid--download-cards features-grid--cols-2\">\n    <div class=\"wrapper\">\n        <div class=\"features-grid__inner\">\n                            <div class=\"features-grid__items\">\n                    <div class=\"features-grid__item elementor-repeater-item-6b0dca8\">    <div class=\"features-grid-card features-grid-card--download\">\n        <div class=\"features-grid-card__content\">\n                            <h5 class=\"features-grid-card__title h5\">Allgemeine Verkaufs- und Lieferbedingungen<\/h5>\n            \n                            <span class=\"features-grid-card__info text-tiny\">PDF&nbsp;&nbsp;\u2022&nbsp;&nbsp;158 KB<\/span>\n            \n            <div class=\"features-grid-card__action-wrap\">\n                                    <div class=\"features-grid-card__action\">\n                        <a class=\"btn btn-secondary-filled\" href=\"https:\/\/keller-precision.ch\/wp-content\/uploads\/2025\/08\/Allgemeine-Verkaufs-und-Lieferbedingungen-1.pdf\" download>\n                            <span>DE<\/span>\n                            <svg width=\"20\" height=\"18\" viewBox=\"0 0 20 18\" fill=\"none\" xmlns=\"http:\/\/www.w3.org\/2000\/svg\">\n<path d=\"M10.7502 1C10.7502 0.58579 10.4144 0.25 10.0002 0.25C9.586 0.25 9.25021 0.58579 9.25021 1V9.4619L9.2441 9.4548C9.0335 9.2061 8.8272 8.9434 8.6343 8.6976L8.5895 8.6407C8.3973 8.396 8.1951 8.1388 8.038 7.9773C7.74931 7.6802 7.27449 7.6735 6.97746 7.9622C6.68044 8.2509 6.67369 8.7257 6.96239 9.0227C7.0511 9.114 7.19672 9.2958 7.40991 9.5672L7.45695 9.6271C7.64701 9.8693 7.87001 10.1534 8.0997 10.4245C8.3459 10.715 8.6215 11.0168 8.897 11.2515C9.035 11.369 9.1906 11.485 9.358 11.5746C9.5195 11.661 9.7419 11.75 10.0002 11.75C10.2585 11.75 10.4809 11.661 10.6424 11.5746C10.8098 11.485 10.9654 11.369 11.1034 11.2515C11.3789 11.0168 11.6545 10.715 11.9007 10.4245C12.1304 10.1534 12.3534 9.8693 12.5434 9.6272L12.5905 9.5672C12.8037 9.2958 12.9493 9.114 13.038 9.0227C13.3267 8.7257 13.32 8.2509 13.0229 7.9622C12.7259 7.6735 12.2511 7.6802 11.9624 7.9773C11.8053 8.1388 11.6031 8.396 11.4109 8.6407L11.3661 8.6977C11.1733 8.9434 10.9669 9.2062 10.7563 9.4548L10.7502 9.4619V1Z\" fill=\"currentColor\"\/>\n<path d=\"M19.7074 11.2496C19.8453 10.859 19.6404 10.4306 19.2498 10.2928C18.8592 10.1549 18.4308 10.3598 18.293 10.7504L18.0591 11.4129C17.5984 12.7184 17.2725 13.6385 16.9379 14.3281C16.6116 15.0007 16.3082 15.3853 15.9296 15.6531C15.551 15.9209 15.0874 16.0791 14.3446 16.1629C13.5829 16.2489 12.6068 16.25 11.2224 16.25H8.778C7.39359 16.25 6.41753 16.2489 5.65581 16.1629C4.91303 16.0791 4.44937 15.9209 4.0708 15.6531C3.69224 15.3853 3.38882 15.0007 3.06254 14.3281C2.72794 13.6385 2.40204 12.7184 1.94129 11.4129L1.70745 10.7504C1.56959 10.3598 1.14119 10.1549 0.750592 10.2928C0.359992 10.4306 0.155102 10.859 0.292962 11.2496L0.541752 11.9545C0.984142 13.208 1.33715 14.2082 1.71299 14.9829C2.10137 15.7834 2.54467 16.4108 3.20444 16.8776C3.86422 17.3444 4.60339 17.5536 5.48754 17.6534C6.34313 17.75 7.40381 17.75 8.7331 17.75H11.2673C12.5966 17.75 13.6573 17.75 14.5129 17.6534C15.397 17.5536 16.1362 17.3444 16.796 16.8776C17.4557 16.4108 17.899 15.7834 18.2874 14.9829C18.6633 14.2082 19.0163 13.208 19.4587 11.9545L19.7074 11.2496Z\" fill=\"currentColor\"\/>\n<\/svg>\n                        <\/a>\n                    <\/div>\n                \n                            <\/div>\n        <\/div>\n    <\/div>\n    <\/div><div class=\"features-grid__item elementor-repeater-item-7a7b391\">    <div class=\"features-grid-card features-grid-card--download\">\n        <div class=\"features-grid-card__content\">\n                            <h5 class=\"features-grid-card__title h5\">Allgemeine Einkaufs- und Lieferbedingungen<\/h5>\n            \n                            <span class=\"features-grid-card__info text-tiny\">PDF&nbsp;&nbsp;\u2022&nbsp;&nbsp;114 KB<\/span>\n            \n            <div class=\"features-grid-card__action-wrap\">\n                                    <div class=\"features-grid-card__action\">\n                        <a class=\"btn btn-secondary-filled\" href=\"https:\/\/keller-precision.ch\/wp-content\/uploads\/2025\/08\/Allgemeine-Einkaufs-und-Lieferbedingungen-1.pdf\" download>\n                            <span>DE<\/span>\n                            <svg width=\"20\" height=\"18\" viewBox=\"0 0 20 18\" fill=\"none\" xmlns=\"http:\/\/www.w3.org\/2000\/svg\">\n<path d=\"M10.7502 1C10.7502 0.58579 10.4144 0.25 10.0002 0.25C9.586 0.25 9.25021 0.58579 9.25021 1V9.4619L9.2441 9.4548C9.0335 9.2061 8.8272 8.9434 8.6343 8.6976L8.5895 8.6407C8.3973 8.396 8.1951 8.1388 8.038 7.9773C7.74931 7.6802 7.27449 7.6735 6.97746 7.9622C6.68044 8.2509 6.67369 8.7257 6.96239 9.0227C7.0511 9.114 7.19672 9.2958 7.40991 9.5672L7.45695 9.6271C7.64701 9.8693 7.87001 10.1534 8.0997 10.4245C8.3459 10.715 8.6215 11.0168 8.897 11.2515C9.035 11.369 9.1906 11.485 9.358 11.5746C9.5195 11.661 9.7419 11.75 10.0002 11.75C10.2585 11.75 10.4809 11.661 10.6424 11.5746C10.8098 11.485 10.9654 11.369 11.1034 11.2515C11.3789 11.0168 11.6545 10.715 11.9007 10.4245C12.1304 10.1534 12.3534 9.8693 12.5434 9.6272L12.5905 9.5672C12.8037 9.2958 12.9493 9.114 13.038 9.0227C13.3267 8.7257 13.32 8.2509 13.0229 7.9622C12.7259 7.6735 12.2511 7.6802 11.9624 7.9773C11.8053 8.1388 11.6031 8.396 11.4109 8.6407L11.3661 8.6977C11.1733 8.9434 10.9669 9.2062 10.7563 9.4548L10.7502 9.4619V1Z\" fill=\"currentColor\"\/>\n<path d=\"M19.7074 11.2496C19.8453 10.859 19.6404 10.4306 19.2498 10.2928C18.8592 10.1549 18.4308 10.3598 18.293 10.7504L18.0591 11.4129C17.5984 12.7184 17.2725 13.6385 16.9379 14.3281C16.6116 15.0007 16.3082 15.3853 15.9296 15.6531C15.551 15.9209 15.0874 16.0791 14.3446 16.1629C13.5829 16.2489 12.6068 16.25 11.2224 16.25H8.778C7.39359 16.25 6.41753 16.2489 5.65581 16.1629C4.91303 16.0791 4.44937 15.9209 4.0708 15.6531C3.69224 15.3853 3.38882 15.0007 3.06254 14.3281C2.72794 13.6385 2.40204 12.7184 1.94129 11.4129L1.70745 10.7504C1.56959 10.3598 1.14119 10.1549 0.750592 10.2928C0.359992 10.4306 0.155102 10.859 0.292962 11.2496L0.541752 11.9545C0.984142 13.208 1.33715 14.2082 1.71299 14.9829C2.10137 15.7834 2.54467 16.4108 3.20444 16.8776C3.86422 17.3444 4.60339 17.5536 5.48754 17.6534C6.34313 17.75 7.40381 17.75 8.7331 17.75H11.2673C12.5966 17.75 13.6573 17.75 14.5129 17.6534C15.397 17.5536 16.1362 17.3444 16.796 16.8776C17.4557 16.4108 17.899 15.7834 18.2874 14.9829C18.6633 14.2082 19.0163 13.208 19.4587 11.9545L19.7074 11.2496Z\" fill=\"currentColor\"\/>\n<\/svg>\n                        <\/a>\n                    <\/div>\n                \n                            <\/div>\n        <\/div>\n    <\/div>\n    <\/div>                <\/div>\n                    <\/div>\n    <\/div>\n<\/section>\n\t\t\t\t<\/div>\n\t\t\t\t<\/div>\n\t\t\t\t\t<\/div>\n\t\t\t\t<\/div>\n\t\t\t\t<\/div>\n\t\t\t\t<\/div>\n\t\t","protected":false},"excerpt":{"rendered":"<p>Allgemeine Gesch\u00e4ftsbedingungen Die Grundlagen f\u00fcr unsere Gesch\u00e4ftsbeziehungen mit Lieferanten und Kunden werden in unseren Einkaufs- und Lieferbedingungen sowie den Verkaufs- und Lieferbedingungen abgehandelt. Die beiden Dokumente bilden in ihrer Gesamtheit unsere allgemeinen Gesch\u00e4ftsbedingungen. Die Dateien stehen Ihnen auf dieser Seite zum Download zur Verf\u00fcgung. Allgemeine Verkaufs- und Lieferbedingungen PDF&nbsp;&nbsp;\u2022&nbsp;&nbsp;158 KB [&hellip;]<\/p>\n","protected":false},"author":1,"featured_media":0,"parent":0,"menu_order":0,"comment_status":"closed","ping_status":"closed","template":"","meta":{"footnotes":""},"class_list":["post-1775","page","type-page","status-publish","hentry"],"yoast_head":"<!-- This site is optimized with the Yoast SEO plugin v27.4 - https:\/\/yoast.com\/product\/yoast-seo-wordpress\/ -->\n<title>Allgemeine Gesch\u00e4ftsbedingungen - Keller Precision AG | Schweizer Pr\u00e4zision aus Leidenschaft<\/title>\n<meta name=\"robots\" content=\"index, follow, max-snippet:-1, max-image-preview:large, max-video-preview:-1\" \/>\n<link rel=\"canonical\" href=\"https:\/\/keller-precision.ch\/de\/agb\/\" \/>\n<meta property=\"og:locale\" content=\"de_DE\" \/>\n<meta property=\"og:type\" content=\"article\" \/>\n<meta property=\"og:title\" content=\"Allgemeine Gesch\u00e4ftsbedingungen - Keller Precision AG | Schweizer Pr\u00e4zision aus Leidenschaft\" \/>\n<meta property=\"og:description\" content=\"Allgemeine Gesch\u00e4ftsbedingungen Die Grundlagen f\u00fcr unsere Gesch\u00e4ftsbeziehungen mit Lieferanten und Kunden werden in unseren Einkaufs- und Lieferbedingungen sowie den Verkaufs- und Lieferbedingungen abgehandelt. Die beiden Dokumente bilden in ihrer Gesamtheit unsere allgemeinen Gesch\u00e4ftsbedingungen. Die Dateien stehen Ihnen auf dieser Seite zum Download zur Verf\u00fcgung. Allgemeine Verkaufs- und Lieferbedingungen PDF&nbsp;&nbsp;\u2022&nbsp;&nbsp;158 KB [&hellip;]\" \/>\n<meta property=\"og:url\" content=\"https:\/\/keller-precision.ch\/de\/agb\/\" \/>\n<meta property=\"og:site_name\" content=\"Keller Precision AG | Schweizer Pr\u00e4zision aus Leidenschaft\" \/>\n<meta property=\"article:modified_time\" content=\"2025-09-30T12:31:39+00:00\" \/>\n<meta name=\"twitter:card\" content=\"summary_large_image\" \/>\n<meta name=\"twitter:label1\" content=\"Gesch\u00e4tzte Lesezeit\" \/>\n\t<meta name=\"twitter:data1\" content=\"1\u00a0Minute\" \/>\n<script type=\"application\/ld+json\" class=\"yoast-schema-graph\">{\"@context\":\"https:\\\/\\\/schema.org\",\"@graph\":[{\"@type\":\"WebPage\",\"@id\":\"https:\\\/\\\/keller-precision.ch\\\/de\\\/agb\\\/\",\"url\":\"https:\\\/\\\/keller-precision.ch\\\/de\\\/agb\\\/\",\"name\":\"Allgemeine Gesch\u00e4ftsbedingungen - Keller Precision AG | Schweizer Pr\u00e4zision aus Leidenschaft\",\"isPartOf\":{\"@id\":\"https:\\\/\\\/keller-precision.ch\\\/en\\\/#website\"},\"datePublished\":\"2025-09-03T14:48:11+00:00\",\"dateModified\":\"2025-09-30T12:31:39+00:00\",\"breadcrumb\":{\"@id\":\"https:\\\/\\\/keller-precision.ch\\\/de\\\/agb\\\/#breadcrumb\"},\"inLanguage\":\"de\",\"potentialAction\":[{\"@type\":\"ReadAction\",\"target\":[\"https:\\\/\\\/keller-precision.ch\\\/de\\\/agb\\\/\"]}]},{\"@type\":\"BreadcrumbList\",\"@id\":\"https:\\\/\\\/keller-precision.ch\\\/de\\\/agb\\\/#breadcrumb\",\"itemListElement\":[{\"@type\":\"ListItem\",\"position\":1,\"name\":\"Home\",\"item\":\"https:\\\/\\\/keller-precision.ch\\\/de\\\/\"},{\"@type\":\"ListItem\",\"position\":2,\"name\":\"Allgemeine Gesch\u00e4ftsbedingungen\"}]},{\"@type\":\"WebSite\",\"@id\":\"https:\\\/\\\/keller-precision.ch\\\/en\\\/#website\",\"url\":\"https:\\\/\\\/keller-precision.ch\\\/en\\\/\",\"name\":\"Keller Precision AG | Schweizer Pr\u00e4zision aus Leidenschaft\",\"description\":\"Die Keller Precision AG verarbeitet im ersten Bereich anspruchsvolle und schwer zerspanbare Werkstoffe in den verschiedensten Dimensionen f\u00fcr unterschiedliche Branchen weltweit. Im zweiten Bereich werden Hochleistungs-Trennmaschinen und Stanzapplikationen entwickelt und produziert.\",\"publisher\":{\"@id\":\"https:\\\/\\\/keller-precision.ch\\\/en\\\/#organization\"},\"potentialAction\":[{\"@type\":\"SearchAction\",\"target\":{\"@type\":\"EntryPoint\",\"urlTemplate\":\"https:\\\/\\\/keller-precision.ch\\\/en\\\/?s={search_term_string}\"},\"query-input\":{\"@type\":\"PropertyValueSpecification\",\"valueRequired\":true,\"valueName\":\"search_term_string\"}}],\"inLanguage\":\"de\"},{\"@type\":\"Organization\",\"@id\":\"https:\\\/\\\/keller-precision.ch\\\/en\\\/#organization\",\"name\":\"Keller Precision AG | Schweizer Pr\u00e4zision aus Leidenschaft\",\"url\":\"https:\\\/\\\/keller-precision.ch\\\/en\\\/\",\"logo\":{\"@type\":\"ImageObject\",\"inLanguage\":\"de\",\"@id\":\"https:\\\/\\\/keller-precision.ch\\\/en\\\/#\\\/schema\\\/logo\\\/image\\\/\",\"url\":\"https:\\\/\\\/keller-precision.ch\\\/wp-content\\\/uploads\\\/2025\\\/07\\\/logo.png\",\"contentUrl\":\"https:\\\/\\\/keller-precision.ch\\\/wp-content\\\/uploads\\\/2025\\\/07\\\/logo.png\",\"width\":469,\"height\":121,\"caption\":\"Keller Precision AG | Schweizer Pr\u00e4zision aus Leidenschaft\"},\"image\":{\"@id\":\"https:\\\/\\\/keller-precision.ch\\\/en\\\/#\\\/schema\\\/logo\\\/image\\\/\"}}]}<\/script>\n<!-- \/ Yoast SEO plugin. -->","yoast_head_json":{"title":"Allgemeine Gesch\u00e4ftsbedingungen - Keller Precision AG | Schweizer Pr\u00e4zision aus Leidenschaft","robots":{"index":"index","follow":"follow","max-snippet":"max-snippet:-1","max-image-preview":"max-image-preview:large","max-video-preview":"max-video-preview:-1"},"canonical":"https:\/\/keller-precision.ch\/de\/agb\/","og_locale":"de_DE","og_type":"article","og_title":"Allgemeine Gesch\u00e4ftsbedingungen - Keller Precision AG | Schweizer Pr\u00e4zision aus Leidenschaft","og_description":"Allgemeine Gesch\u00e4ftsbedingungen Die Grundlagen f\u00fcr unsere Gesch\u00e4ftsbeziehungen mit Lieferanten und Kunden werden in unseren Einkaufs- und Lieferbedingungen sowie den Verkaufs- und Lieferbedingungen abgehandelt. Die beiden Dokumente bilden in ihrer Gesamtheit unsere allgemeinen Gesch\u00e4ftsbedingungen. Die Dateien stehen Ihnen auf dieser Seite zum Download zur Verf\u00fcgung. Allgemeine Verkaufs- und Lieferbedingungen PDF&nbsp;&nbsp;\u2022&nbsp;&nbsp;158 KB [&hellip;]","og_url":"https:\/\/keller-precision.ch\/de\/agb\/","og_site_name":"Keller Precision AG | Schweizer Pr\u00e4zision aus Leidenschaft","article_modified_time":"2025-09-30T12:31:39+00:00","twitter_card":"summary_large_image","twitter_misc":{"Gesch\u00e4tzte Lesezeit":"1\u00a0Minute"},"schema":{"@context":"https:\/\/schema.org","@graph":[{"@type":"WebPage","@id":"https:\/\/keller-precision.ch\/de\/agb\/","url":"https:\/\/keller-precision.ch\/de\/agb\/","name":"Allgemeine Gesch\u00e4ftsbedingungen - Keller Precision AG | Schweizer Pr\u00e4zision aus Leidenschaft","isPartOf":{"@id":"https:\/\/keller-precision.ch\/en\/#website"},"datePublished":"2025-09-03T14:48:11+00:00","dateModified":"2025-09-30T12:31:39+00:00","breadcrumb":{"@id":"https:\/\/keller-precision.ch\/de\/agb\/#breadcrumb"},"inLanguage":"de","potentialAction":[{"@type":"ReadAction","target":["https:\/\/keller-precision.ch\/de\/agb\/"]}]},{"@type":"BreadcrumbList","@id":"https:\/\/keller-precision.ch\/de\/agb\/#breadcrumb","itemListElement":[{"@type":"ListItem","position":1,"name":"Home","item":"https:\/\/keller-precision.ch\/de\/"},{"@type":"ListItem","position":2,"name":"Allgemeine Gesch\u00e4ftsbedingungen"}]},{"@type":"WebSite","@id":"https:\/\/keller-precision.ch\/en\/#website","url":"https:\/\/keller-precision.ch\/en\/","name":"Keller Precision AG | Schweizer Pr\u00e4zision aus Leidenschaft","description":"Die Keller Precision AG verarbeitet im ersten Bereich anspruchsvolle und schwer zerspanbare Werkstoffe in den verschiedensten Dimensionen f\u00fcr unterschiedliche Branchen weltweit. Im zweiten Bereich werden Hochleistungs-Trennmaschinen und Stanzapplikationen entwickelt und produziert.","publisher":{"@id":"https:\/\/keller-precision.ch\/en\/#organization"},"potentialAction":[{"@type":"SearchAction","target":{"@type":"EntryPoint","urlTemplate":"https:\/\/keller-precision.ch\/en\/?s={search_term_string}"},"query-input":{"@type":"PropertyValueSpecification","valueRequired":true,"valueName":"search_term_string"}}],"inLanguage":"de"},{"@type":"Organization","@id":"https:\/\/keller-precision.ch\/en\/#organization","name":"Keller Precision AG | Schweizer Pr\u00e4zision aus Leidenschaft","url":"https:\/\/keller-precision.ch\/en\/","logo":{"@type":"ImageObject","inLanguage":"de","@id":"https:\/\/keller-precision.ch\/en\/#\/schema\/logo\/image\/","url":"https:\/\/keller-precision.ch\/wp-content\/uploads\/2025\/07\/logo.png","contentUrl":"https:\/\/keller-precision.ch\/wp-content\/uploads\/2025\/07\/logo.png","width":469,"height":121,"caption":"Keller Precision AG | Schweizer Pr\u00e4zision aus Leidenschaft"},"image":{"@id":"https:\/\/keller-precision.ch\/en\/#\/schema\/logo\/image\/"}}]}},"_links":{"self":[{"href":"https:\/\/keller-precision.ch\/de\/wp-json\/wp\/v2\/pages\/1775","targetHints":{"allow":["GET"]}}],"collection":[{"href":"https:\/\/keller-precision.ch\/de\/wp-json\/wp\/v2\/pages"}],"about":[{"href":"https:\/\/keller-precision.ch\/de\/wp-json\/wp\/v2\/types\/page"}],"author":[{"embeddable":true,"href":"https:\/\/keller-precision.ch\/de\/wp-json\/wp\/v2\/users\/1"}],"replies":[{"embeddable":true,"href":"https:\/\/keller-precision.ch\/de\/wp-json\/wp\/v2\/comments?post=1775"}],"version-history":[{"count":35,"href":"https:\/\/keller-precision.ch\/de\/wp-json\/wp\/v2\/pages\/1775\/revisions"}],"predecessor-version":[{"id":2969,"href":"https:\/\/keller-precision.ch\/de\/wp-json\/wp\/v2\/pages\/1775\/revisions\/2969"}],"wp:attachment":[{"href":"https:\/\/keller-precision.ch\/de\/wp-json\/wp\/v2\/media?parent=1775"}],"curies":[{"name":"wp","href":"https:\/\/api.w.org\/{rel}","templated":true}]}}